{"id":11943,"date":"2024-03-04T16:59:59","date_gmt":"2024-03-04T15:59:59","guid":{"rendered":"https:\/\/www.maison-obono.com\/spa\/"},"modified":"2026-04-06T15:25:09","modified_gmt":"2026-04-06T14:25:09","slug":"spa","status":"publish","type":"page","link":"https:\/\/www.maison-obono.com\/de\/spa\/","title":{"rendered":"Spa"},"content":{"rendered":"\t\t<div data-elementor-type=\"wp-page\" data-elementor-id=\"11943\" class=\"elementor elementor-11943 elementor-5586\" data-elementor-post-type=\"page\">\n\t\t\t\t<div data-dce-background-overlay-color=\"#12121257\" data-dce-background-image-url=\"https:\/\/www.maison-obono.com\/wp-content\/uploads\/spa\/massage-spa-detente-maison-obono.webp\" data-dce-background-overlay-image-url=\"https:\/\/www.maison-obono.com\/wp-content\/uploads\/illustration\/illustration-hero-page.png\" class=\"elementor-element elementor-element-9e6c7ff e-con-full e-flex e-con e-parent\" data-id=\"9e6c7ff\" data-element_type=\"container\" data-e-type=\"container\" data-settings=\"{&quot;background_background&quot;:&quot;classic&quot;}\">\n\t\t\t\t<div class=\"elementor-element elementor-element-96efdf4 animated-slow elementor-invisible elementor-widget elementor-widget-heading\" data-id=\"96efdf4\" data-element_type=\"widget\" data-e-type=\"widget\" data-settings=\"{&quot;_animation&quot;:&quot;fadeIn&quot;}\" data-widget_type=\"heading.default\">\n\t\t\t\t<div class=\"elementor-widget-container\">\n\t\t\t\t\t<span class=\"elementor-heading-title elementor-size-default\">SPA<\/span>\t\t\t\t<\/div>\n\t\t\t\t<\/div>\n\t\t\t\t<\/div>\n\t\t<div class=\"elementor-element elementor-element-2cb0a18 e-flex e-con-boxed e-con e-parent\" data-id=\"2cb0a18\" data-element_type=\"container\" data-e-type=\"container\">\n\t\t\t\t\t<div class=\"e-con-inner\">\n\t\t<div data-dce-background-color=\"#FAF7F3\" class=\"elementor-element elementor-element-4027635 e-flex e-con-boxed e-con e-child\" data-id=\"4027635\" data-element_type=\"container\" data-e-type=\"container\" data-settings=\"{&quot;background_background&quot;:&quot;classic&quot;}\">\n\t\t\t\t\t<div class=\"e-con-inner\">\n\t\t\t\t<div class=\"elementor-element elementor-element-08d1573 elementor-widget elementor-widget-heading\" data-id=\"08d1573\" data-element_type=\"widget\" data-e-type=\"widget\" data-widget_type=\"heading.default\">\n\t\t\t\t<div class=\"elementor-widget-container\">\n\t\t\t\t\t<h1 class=\"elementor-heading-title elementor-size-default\">Willkommen im Spa des Maison OBONO<\/h1>\t\t\t\t<\/div>\n\t\t\t\t<\/div>\n\t\t\t\t<div class=\"elementor-element elementor-element-a40fe84 elementor-widget__width-initial elementor-widget elementor-widget-text-editor\" data-id=\"a40fe84\" data-element_type=\"widget\" data-e-type=\"widget\" data-widget_type=\"text-editor.default\">\n\t\t\t\t<div class=\"elementor-widget-container\">\n\t\t\t\t\t\t\t\t\t<p>Mitten in der Natur erwartet Sie eine Oase der Ruhe und Gelassenheit. Hier, fernab vom Trubel des Alltags, k\u00f6nnen Sie in einer idyllischen Umgebung neue Energie tanken.<\/p><p><strong>Bei jeder Buchung einer Behandlung ist der Zugang zur Sauna und zum Hammam kostenlos.<\/strong><\/p>\t\t\t\t\t\t\t\t<\/div>\n\t\t\t\t<\/div>\n\t\t\t\t\t<\/div>\n\t\t\t\t<\/div>\n\t\t\t\t\t<\/div>\n\t\t\t\t<\/div>\n\t\t<div data-dce-background-image-url=\"https:\/\/www.maison-obono.com\/wp-content\/uploads\/illustration\/illustration-carte-des-soins-maison-obono.svg\" class=\"elementor-element elementor-element-08faf7a e-con-full e-flex e-con e-parent\" data-id=\"08faf7a\" data-element_type=\"container\" data-e-type=\"container\" data-settings=\"{&quot;background_background&quot;:&quot;classic&quot;}\">\n\t\t<div data-dce-background-image-url=\"https:\/\/www.maison-obono.com\/wp-content\/uploads\/illustration\/illustration-massage-detente-maison-obono.jpg\" class=\"elementor-element elementor-element-19cea73 e-con-full e-flex e-con e-child\" data-id=\"19cea73\" data-element_type=\"container\" data-e-type=\"container\" data-settings=\"{&quot;background_background&quot;:&quot;classic&quot;}\">\n\t\t\t\t<div class=\"elementor-element elementor-element-f88786f elementor-widget elementor-widget-video\" data-id=\"f88786f\" data-element_type=\"widget\" data-e-type=\"widget\" data-settings=\"{&quot;youtube_url&quot;:&quot;https:\\\/\\\/www.youtube.com\\\/shorts\\\/9xLEK6G3U40&quot;,&quot;yt_privacy&quot;:&quot;yes&quot;,&quot;video_type&quot;:&quot;youtube&quot;,&quot;controls&quot;:&quot;yes&quot;}\" data-widget_type=\"video.default\">\n\t\t\t\t<div class=\"elementor-widget-container\">\n\t\t\t\t\t\t\t<div class=\"elementor-wrapper elementor-open-inline\">\n\t\t\t<div class=\"elementor-video\"><\/div>\t\t<\/div>\n\t\t\t\t\t\t<\/div>\n\t\t\t\t<\/div>\n\t\t\t\t<div class=\"elementor-element elementor-element-d6a7e2f elementor-hidden-widescreen elementor-hidden-desktop elementor-hidden-laptop elementor-hidden-tablet elementor-hidden-mobile elementor-widget elementor-widget-image\" data-id=\"d6a7e2f\" data-element_type=\"widget\" data-e-type=\"widget\" data-widget_type=\"image.default\">\n\t\t\t\t<div class=\"elementor-widget-container\">\n\t\t\t\t\t\t\t\t\t\t\t\t\t\t\t<img fetchpriority=\"high\" decoding=\"async\" width=\"1335\" height=\"2000\" src=\"https:\/\/www.maison-obono.com\/wp-content\/uploads\/massage-huile-spa-maison-obono.webp\" class=\"attachment-full size-full wp-image-15456\" alt=\"Soin massage avec application d&#039;huile chaude sur le dos au Spa Maison Obono\" srcset=\"https:\/\/www.maison-obono.com\/wp-content\/uploads\/massage-huile-spa-maison-obono.webp 1335w, https:\/\/www.maison-obono.com\/wp-content\/uploads\/massage-huile-spa-maison-obono-200x300.webp 200w, https:\/\/www.maison-obono.com\/wp-content\/uploads\/massage-huile-spa-maison-obono-684x1024.webp 684w, https:\/\/www.maison-obono.com\/wp-content\/uploads\/massage-huile-spa-maison-obono-768x1151.webp 768w, https:\/\/www.maison-obono.com\/wp-content\/uploads\/massage-huile-spa-maison-obono-1025x1536.webp 1025w\" sizes=\"(max-width: 1335px) 100vw, 1335px\" \/>\t\t\t\t\t\t\t\t\t\t\t\t\t\t\t<\/div>\n\t\t\t\t<\/div>\n\t\t\t\t<\/div>\n\t\t<div data-dce-background-overlay-image-url=\"https:\/\/www.maison-obono.com\/wp-content\/uploads\/spa\/illustration-carte-des-soins-maison-obono.jpg\" class=\"elementor-element elementor-element-cb0307b e-con-full e-flex e-con e-child\" data-id=\"cb0307b\" data-element_type=\"container\" data-e-type=\"container\">\n\t\t\t\t<div class=\"elementor-element elementor-element-dc4c2a5 elementor-widget__width-initial elementor-widget-laptop__width-inherit elementor-widget elementor-widget-text-editor\" data-id=\"dc4c2a5\" data-element_type=\"widget\" data-e-type=\"widget\" data-widget_type=\"text-editor.default\">\n\t\t\t\t<div class=\"elementor-widget-container\">\n\t\t\t\t\t\t\t\t\t<p>Sie werden von unserem Team aus Fachkr\u00e4ften begleitet, das sich Ihrem Wohlbefinden widmet, um Ihnen Massagen anzubieten, die zur Entspannung einladen.<\/p><p>Wir nutzen verschiedene Techniken, um auf Ihre W\u00fcnsche einzugehen \u2013 ob Sie muskul\u00e4re Verspannungen l\u00f6sen oder sich einen Moment der inneren Einkehr g\u00f6nnen m\u00f6chten.<\/p><p>Eine nach Belieben anpassbare Angebotskarte, die Sauna und das Hammam runden eine Gastfreundschaft ab, die ganz im Zeichen von Entspannung und Sinneserlebnis steht.<\/p>\t\t\t\t\t\t\t\t<\/div>\n\t\t\t\t<\/div>\n\t\t<div class=\"elementor-element elementor-element-d73b20c e-con-full e-flex e-con e-child\" data-id=\"d73b20c\" data-element_type=\"container\" data-e-type=\"container\">\n\t\t<a data-dce-background-hover-color=\"#008592\" data-dce-background-image-url=\"https:\/\/www.maison-obono.com\/wp-content\/uploads\/illustration\/reserver-illustration-bg-maison-obono.webp\" class=\"elementor-element elementor-element-804e883 e-con-full e-flex e-con e-child\" data-id=\"804e883\" data-element_type=\"container\" data-e-type=\"container\" data-settings=\"{&quot;background_background&quot;:&quot;classic&quot;}\" href=\"https:\/\/www.maison-obono.com\/?sdm_process_download=1&#038;download_id=11071\" target=\"_blank\">\n\t\t\t\t<div data-dce-title-color=\"#FFFFFF\" class=\"elementor-element elementor-element-a55dc8c elementor-widget elementor-widget-heading\" data-id=\"a55dc8c\" data-element_type=\"widget\" data-e-type=\"widget\" data-widget_type=\"heading.default\">\n\t\t\t\t<div class=\"elementor-widget-container\">\n\t\t\t\t\t<span class=\"elementor-heading-title elementor-size-default\">Wellness-Angebot<\/span>\t\t\t\t<\/div>\n\t\t\t\t<\/div>\n\t\t\t\t<\/a>\n\t\t<a data-dce-background-hover-color=\"#008592\" data-dce-background-image-url=\"https:\/\/www.maison-obono.com\/wp-content\/uploads\/illustration\/reserver-illustration-bg-maison-obono.webp\" class=\"elementor-element elementor-element-3d0108d e-con-full e-flex e-con e-child\" data-id=\"3d0108d\" data-element_type=\"container\" data-e-type=\"container\" data-settings=\"{&quot;background_background&quot;:&quot;classic&quot;}\" href=\"https:\/\/www.maison-obono.com\/reservation-spa-en-ligne\/\" target=\"_blank\">\n\t\t\t\t<div data-dce-title-color=\"#FFFFFF\" class=\"elementor-element elementor-element-363fddb elementor-widget elementor-widget-heading\" data-id=\"363fddb\" data-element_type=\"widget\" data-e-type=\"widget\" data-widget_type=\"heading.default\">\n\t\t\t\t<div class=\"elementor-widget-container\">\n\t\t\t\t\t<span class=\"elementor-heading-title elementor-size-default\">Buchen<\/span>\t\t\t\t<\/div>\n\t\t\t\t<\/div>\n\t\t\t\t<\/a>\n\t\t\t\t<\/div>\n\t\t\t\t<div class=\"elementor-element elementor-element-b893d58 elementor-widget elementor-widget-image\" data-id=\"b893d58\" data-element_type=\"widget\" data-e-type=\"widget\" data-widget_type=\"image.default\">\n\t\t\t\t<div class=\"elementor-widget-container\">\n\t\t\t\t\t\t\t\t\t\t\t\t\t\t\t<img decoding=\"async\" width=\"1256\" height=\"837\" src=\"https:\/\/www.maison-obono.com\/wp-content\/uploads\/spa\/cabine-soin-duo-spa-obono.webp\" class=\"attachment-full size-full wp-image-11964\" alt=\"Duo-Behandlungsraum mit zwei Therapeutinnen, die eine entspannende Massage durchf\u00fchren.\" srcset=\"https:\/\/www.maison-obono.com\/wp-content\/uploads\/spa\/cabine-soin-duo-spa-obono.webp 1256w, https:\/\/www.maison-obono.com\/wp-content\/uploads\/spa\/cabine-soin-duo-spa-obono-300x200.webp 300w, https:\/\/www.maison-obono.com\/wp-content\/uploads\/spa\/cabine-soin-duo-spa-obono-1024x682.webp 1024w, https:\/\/www.maison-obono.com\/wp-content\/uploads\/spa\/cabine-soin-duo-spa-obono-768x512.webp 768w\" sizes=\"(max-width: 1256px) 100vw, 1256px\" \/>\t\t\t\t\t\t\t\t\t\t\t\t\t\t\t<\/div>\n\t\t\t\t<\/div>\n\t\t\t\t<\/div>\n\t\t\t\t<\/div>\n\t\t<div data-dce-background-image-url=\"https:\/\/www.maison-obono.com\/wp-content\/uploads\/illustration\/illustration-phytomer-soin-du-visage-la-maison-obono.jpg\" data-dce-background-overlay-image-url=\"https:\/\/www.maison-obono.com\/wp-content\/uploads\/illustration\/illustration-obono-restaurant.png\" class=\"elementor-element elementor-element-78162aa e-con-full e-flex e-con e-parent\" data-id=\"78162aa\" data-element_type=\"container\" data-e-type=\"container\" data-settings=\"{&quot;background_background&quot;:&quot;classic&quot;}\">\n\t\t<div data-dce-background-overlay-image-url=\"https:\/\/www.maison-obono.com\/wp-content\/uploads\/illustration\/illustration-soin-du-visage-la-maison-obono.svg\" class=\"elementor-element elementor-element-7508d91 e-con-full e-flex e-con e-child\" data-id=\"7508d91\" data-element_type=\"container\" data-e-type=\"container\">\n\t\t\t\t<div class=\"elementor-element elementor-element-af704b8 elementor-widget-mobile__width-initial elementor-widget elementor-widget-image\" data-id=\"af704b8\" data-element_type=\"widget\" data-e-type=\"widget\" data-widget_type=\"image.default\">\n\t\t\t\t<div class=\"elementor-widget-container\">\n\t\t\t\t\t\t\t\t\t\t\t\t\t\t\t<img decoding=\"async\" src=\"https:\/\/www.maison-obono.com\/wp-content\/uploads\/spa\/phytomer-bleu-logo.svg\" class=\"attachment-full size-full wp-image-11957\" alt=\"\" \/>\t\t\t\t\t\t\t\t\t\t\t\t\t\t\t<\/div>\n\t\t\t\t<\/div>\n\t\t\t\t<div class=\"elementor-element elementor-element-d3abf39 elementor-widget__width-initial elementor-widget-laptop__width-initial elementor-widget elementor-widget-text-editor\" data-id=\"d3abf39\" data-element_type=\"widget\" data-e-type=\"widget\" data-widget_type=\"text-editor.default\">\n\t\t\t\t<div class=\"elementor-widget-container\">\n\t\t\t\t\t\t\t\t\t<p>Wir freuen uns, Ihnen Gesichtsbehandlungen mit Produkten der Marke Phytomer anbieten zu k\u00f6nnen, die daf\u00fcr bekannt ist, die Haut mit ihren innovativen, von den Sch\u00e4tzen des Meeres inspirierten Formeln zu versch\u00f6nern.<\/p><p>Die auf Nat\u00fcrlichkeit und Wirksamkeit ausgerichtete Philosophie h\u00fcllt Sie in einen Kokon der Sanftheit und schenkt Ihnen einen Moment intensiver Entspannung.<\/p>\t\t\t\t\t\t\t\t<\/div>\n\t\t\t\t<\/div>\n\t\t\t\t<div class=\"elementor-element elementor-element-9ed5363 elementor-widget__width-initial elementor-widget-tablet__width-inherit elementor-widget elementor-widget-image\" data-id=\"9ed5363\" data-element_type=\"widget\" data-e-type=\"widget\" data-widget_type=\"image.default\">\n\t\t\t\t<div class=\"elementor-widget-container\">\n\t\t\t\t\t\t\t\t\t\t\t\t\t\t\t<img decoding=\"async\" width=\"920\" height=\"1378\" src=\"https:\/\/www.maison-obono.com\/wp-content\/uploads\/produits-phytomer-spa-maison-obono.webp\" class=\"attachment-full size-full wp-image-15486\" alt=\"Phytomer Pflegeprodukt-Sortiment erh\u00e4ltlich im Spa Maison Obono\" srcset=\"https:\/\/www.maison-obono.com\/wp-content\/uploads\/produits-phytomer-spa-maison-obono.webp 920w, https:\/\/www.maison-obono.com\/wp-content\/uploads\/produits-phytomer-spa-maison-obono-200x300.webp 200w, https:\/\/www.maison-obono.com\/wp-content\/uploads\/produits-phytomer-spa-maison-obono-684x1024.webp 684w, https:\/\/www.maison-obono.com\/wp-content\/uploads\/produits-phytomer-spa-maison-obono-768x1150.webp 768w\" sizes=\"(max-width: 920px) 100vw, 920px\" \/>\t\t\t\t\t\t\t\t\t\t\t\t\t\t\t<\/div>\n\t\t\t\t<\/div>\n\t\t\t\t<\/div>\n\t\t<div class=\"elementor-element elementor-element-4721349 e-con-full e-flex e-con e-child\" data-id=\"4721349\" data-element_type=\"container\" data-e-type=\"container\">\n\t\t\t\t<div class=\"elementor-element elementor-element-b309014 elementor-widget elementor-widget-image\" data-id=\"b309014\" data-element_type=\"widget\" data-e-type=\"widget\" data-widget_type=\"image.default\">\n\t\t\t\t<div class=\"elementor-widget-container\">\n\t\t\t\t\t\t\t\t\t\t\t\t\t\t\t<img loading=\"lazy\" decoding=\"async\" width=\"920\" height=\"1378\" src=\"https:\/\/www.maison-obono.com\/wp-content\/uploads\/hammam-mosaique-etoiles-spa-maison-obono.webp\" class=\"attachment-full size-full wp-image-15474\" alt=\"Mosaik-Hammam mit Sternenhimmel und Chromotherapie-Beleuchtung im Spa Maison Obono\" srcset=\"https:\/\/www.maison-obono.com\/wp-content\/uploads\/hammam-mosaique-etoiles-spa-maison-obono.webp 920w, https:\/\/www.maison-obono.com\/wp-content\/uploads\/hammam-mosaique-etoiles-spa-maison-obono-200x300.webp 200w, https:\/\/www.maison-obono.com\/wp-content\/uploads\/hammam-mosaique-etoiles-spa-maison-obono-684x1024.webp 684w, https:\/\/www.maison-obono.com\/wp-content\/uploads\/hammam-mosaique-etoiles-spa-maison-obono-768x1150.webp 768w\" sizes=\"(max-width: 920px) 100vw, 920px\" \/>\t\t\t\t\t\t\t\t\t\t\t\t\t\t\t<\/div>\n\t\t\t\t<\/div>\n\t\t\t\t<div class=\"elementor-element elementor-element-ffe536a elementor-absolute elementor-widget-tablet__width-initial elementor-widget elementor-widget-image\" data-id=\"ffe536a\" data-element_type=\"widget\" data-e-type=\"widget\" data-settings=\"{&quot;_position&quot;:&quot;absolute&quot;,&quot;motion_fx_motion_fx_scrolling&quot;:&quot;yes&quot;,&quot;motion_fx_rotateZ_effect&quot;:&quot;yes&quot;,&quot;motion_fx_devices&quot;:[&quot;widescreen&quot;,&quot;desktop&quot;,&quot;laptop&quot;,&quot;mobile&quot;],&quot;motion_fx_rotateZ_speed&quot;:{&quot;unit&quot;:&quot;px&quot;,&quot;size&quot;:1,&quot;sizes&quot;:[]},&quot;motion_fx_rotateZ_affectedRange&quot;:{&quot;unit&quot;:&quot;%&quot;,&quot;size&quot;:&quot;&quot;,&quot;sizes&quot;:{&quot;start&quot;:0,&quot;end&quot;:100}}}\" data-widget_type=\"image.default\">\n\t\t\t\t<div class=\"elementor-widget-container\">\n\t\t\t\t\t\t\t\t\t\t\t\t\t\t\t<img loading=\"lazy\" decoding=\"async\" width=\"220\" height=\"220\" src=\"https:\/\/www.maison-obono.com\/wp-content\/uploads\/illustration\/illustration-spa-obono.png\" class=\"attachment-full size-full wp-image-11953\" alt=\"Illustration spa obono \u2013 Maison OBONO\" srcset=\"https:\/\/www.maison-obono.com\/wp-content\/uploads\/illustration\/illustration-spa-obono.png 220w, https:\/\/www.maison-obono.com\/wp-content\/uploads\/illustration\/illustration-spa-obono-150x150.png 150w\" sizes=\"(max-width: 220px) 100vw, 220px\" \/>\t\t\t\t\t\t\t\t\t\t\t\t\t\t\t<\/div>\n\t\t\t\t<\/div>\n\t\t\t\t<\/div>\n\t\t\t\t<\/div>\n\t\t<div class=\"elementor-element elementor-element-3a2b03d e-flex e-con-boxed e-con e-parent\" data-id=\"3a2b03d\" data-element_type=\"container\" data-e-type=\"container\">\n\t\t\t\t\t<div class=\"e-con-inner\">\n\t\t<a data-dce-background-hover-color=\"#008592\" data-dce-background-image-url=\"https:\/\/www.maison-obono.com\/wp-content\/uploads\/illustration\/reserver-illustration-bg-maison-obono.webp\" class=\"elementor-element elementor-element-9f7b1f4 e-con-full e-flex e-con e-child\" data-id=\"9f7b1f4\" data-element_type=\"container\" data-e-type=\"container\" data-settings=\"{&quot;background_background&quot;:&quot;classic&quot;}\" href=\"https:\/\/www.maison-obono.com\/reservation-spa-en-ligne\/\" target=\"_blank\">\n\t\t\t\t<div data-dce-title-color=\"#FFFFFF\" class=\"elementor-element elementor-element-f862c0c elementor-widget elementor-widget-heading\" data-id=\"f862c0c\" data-element_type=\"widget\" data-e-type=\"widget\" data-widget_type=\"heading.default\">\n\t\t\t\t<div class=\"elementor-widget-container\">\n\t\t\t\t\t<span class=\"elementor-heading-title elementor-size-default\">Buchen<\/span>\t\t\t\t<\/div>\n\t\t\t\t<\/div>\n\t\t\t\t<\/a>\n\t\t\t\t\t<\/div>\n\t\t\t\t<\/div>\n\t\t\t\t<\/div>\n\t\t","protected":false},"excerpt":{"rendered":"<p>SPA Willkommen im Spa des Maison OBONO Mitten in der Natur erwartet Sie eine Oase der Ruhe und Gelassenheit. Hier, fernab vom Trubel des Alltags, k\u00f6nnen Sie in einer idyllischen Umgebung neue Energie tanken. Bei jeder Buchung einer Behandlung ist der Zugang zur Sauna und zum Hammam kostenlos. https:\/\/www.youtube.com\/shorts\/9xLEK6G3U40 Sie werden von unserem Team aus [&hellip;]<\/p>\n","protected":false},"author":3,"featured_media":0,"parent":0,"menu_order":0,"comment_status":"closed","ping_status":"closed","template":"","meta":{"_acf_changed":false,"footnotes":""},"class_list":["post-11943","page","type-page","status-publish","hentry"],"acf":[],"_links":{"self":[{"href":"https:\/\/www.maison-obono.com\/de\/wp-json\/wp\/v2\/pages\/11943","targetHints":{"allow":["GET"]}}],"collection":[{"href":"https:\/\/www.maison-obono.com\/de\/wp-json\/wp\/v2\/pages"}],"about":[{"href":"https:\/\/www.maison-obono.com\/de\/wp-json\/wp\/v2\/types\/page"}],"author":[{"embeddable":true,"href":"https:\/\/www.maison-obono.com\/de\/wp-json\/wp\/v2\/users\/3"}],"replies":[{"embeddable":true,"href":"https:\/\/www.maison-obono.com\/de\/wp-json\/wp\/v2\/comments?post=11943"}],"version-history":[{"count":26,"href":"https:\/\/www.maison-obono.com\/de\/wp-json\/wp\/v2\/pages\/11943\/revisions"}],"predecessor-version":[{"id":15495,"href":"https:\/\/www.maison-obono.com\/de\/wp-json\/wp\/v2\/pages\/11943\/revisions\/15495"}],"wp:attachment":[{"href":"https:\/\/www.maison-obono.com\/de\/wp-json\/wp\/v2\/media?parent=11943"}],"curies":[{"name":"wp","href":"https:\/\/api.w.org\/{rel}","templated":true}]}}