{"id":12056,"date":"2024-03-18T16:23:45","date_gmt":"2024-03-18T15:23:45","guid":{"rendered":"https:\/\/www.maison-obono.com\/reservation-restaurant-table-obono\/"},"modified":"2026-03-31T09:38:02","modified_gmt":"2026-03-31T08:38:02","slug":"reservierung-restaurant-tisch-obono","status":"publish","type":"page","link":"https:\/\/www.maison-obono.com\/de\/reservierung-restaurant-tisch-obono\/","title":{"rendered":"Einen Tisch reservieren"},"content":{"rendered":"\t\t<div data-elementor-type=\"wp-page\" data-elementor-id=\"12056\" class=\"elementor elementor-12056 elementor-6064\" data-elementor-post-type=\"page\">\n\t\t\t\t<div data-dce-background-overlay-color=\"#12121257\" data-dce-background-image-url=\"https:\/\/www.maison-obono.com\/wp-content\/uploads\/restaurant\/maison-obono-restaurant-salle-interieure-terrasse-vue.webp\" data-dce-background-overlay-image-url=\"https:\/\/www.maison-obono.com\/wp-content\/uploads\/illustration\/illustration-hero-page.png\" class=\"elementor-element elementor-element-9580da2 e-con-full e-flex e-con e-parent\" data-id=\"9580da2\" data-element_type=\"container\" data-e-type=\"container\" data-settings=\"{&quot;background_background&quot;:&quot;classic&quot;}\">\n\t\t\t\t<\/div>\n\t\t<div class=\"elementor-element elementor-element-e2ed09b e-flex e-con-boxed e-con e-parent\" data-id=\"e2ed09b\" data-element_type=\"container\" data-e-type=\"container\">\n\t\t\t\t\t<div class=\"e-con-inner\">\n\t\t\t\t<div class=\"elementor-element elementor-element-d6c35e5 elementor-widget elementor-widget-html\" data-id=\"d6c35e5\" data-element_type=\"widget\" data-e-type=\"widget\" data-widget_type=\"html.default\">\n\t\t\t\t<div class=\"elementor-widget-container\">\n\t\t\t\t\t <!-- reservation widget -->\r\n<iframe src='https:\/\/bookings.zenchef.com\/results?rid=367977&fullscreen=1' frameborder='0' scrolling='yes' width='100%' height='630' style='display: block; margin: 0 auto; max-width: 600px; height:630px;'><\/iframe>\t\t\t\t<\/div>\n\t\t\t\t<\/div>\n\t\t\t\t\t<\/div>\n\t\t\t\t<\/div>\n\t\t<div class=\"elementor-element elementor-element-b44851a e-flex e-con-boxed e-con e-parent\" data-id=\"b44851a\" data-element_type=\"container\" data-e-type=\"container\">\n\t\t\t\t\t<div class=\"e-con-inner\">\n\t\t\t\t<div data-dce-title-color=\"#FFFFFF\" data-dce-advanced-background-color=\"#008592\" class=\"elementor-element elementor-element-86b1557 elementor-widget elementor-widget-heading\" data-id=\"86b1557\" data-element_type=\"widget\" data-e-type=\"widget\" data-widget_type=\"heading.default\">\n\t\t\t\t<div class=\"elementor-widget-container\">\n\t\t\t\t\t<h3 class=\"elementor-heading-title elementor-size-default\"><a href=\"https:\/\/bookings.zenchef.com\/results?rid=367977&#038;pid=1001\" target=\"_blank\">Wenn die Buchungsmaske nicht angezeigt wird, klicken Sie hier \ud83d\ude09\n<\/a><\/h3>\t\t\t\t<\/div>\n\t\t\t\t<\/div>\n\t\t\t\t<div class=\"elementor-element elementor-element-c0a4489 elementor-widget__width-initial elementor-widget elementor-widget-text-editor\" data-id=\"c0a4489\" data-element_type=\"widget\" data-e-type=\"widget\" data-widget_type=\"text-editor.default\">\n\t\t\t\t<div class=\"elementor-widget-container\">\n\t\t\t\t\t\t\t\t\t<p>F\u00fcr alle Fragen oder speziellen W\u00fcnsche z\u00f6gern Sie nicht, uns direkt telefonisch unter <strong><a href=\"tel:+33297578400\">02 97 57 84 00<\/a><\/strong> oder per E-Mail unter <strong><a href=\"mailto:restaurant@maison-obono.com\">a mailto:restaurant@maison-obono.com<\/a><\/strong> zu kontaktieren.<\/p>\t\t\t\t\t\t\t\t<\/div>\n\t\t\t\t<\/div>\n\t\t\t\t\t<\/div>\n\t\t\t\t<\/div>\n\t\t\t\t<\/div>\n\t\t","protected":false},"excerpt":{"rendered":"<p>Wenn die Buchungsmaske nicht angezeigt wird, klicken Sie hier \ud83d\ude09 F\u00fcr alle Fragen oder speziellen W\u00fcnsche z\u00f6gern Sie nicht, uns direkt telefonisch unter 02 97 57 84 00 oder per E-Mail unter a mailto:restaurant@maison-obono.com zu kontaktieren.<\/p>\n","protected":false},"author":6,"featured_media":0,"parent":0,"menu_order":0,"comment_status":"closed","ping_status":"closed","template":"","meta":{"_acf_changed":false,"footnotes":""},"class_list":["post-12056","page","type-page","status-publish","hentry"],"acf":[],"_links":{"self":[{"href":"https:\/\/www.maison-obono.com\/de\/wp-json\/wp\/v2\/pages\/12056","targetHints":{"allow":["GET"]}}],"collection":[{"href":"https:\/\/www.maison-obono.com\/de\/wp-json\/wp\/v2\/pages"}],"about":[{"href":"https:\/\/www.maison-obono.com\/de\/wp-json\/wp\/v2\/types\/page"}],"author":[{"embeddable":true,"href":"https:\/\/www.maison-obono.com\/de\/wp-json\/wp\/v2\/users\/6"}],"replies":[{"embeddable":true,"href":"https:\/\/www.maison-obono.com\/de\/wp-json\/wp\/v2\/comments?post=12056"}],"version-history":[{"count":7,"href":"https:\/\/www.maison-obono.com\/de\/wp-json\/wp\/v2\/pages\/12056\/revisions"}],"predecessor-version":[{"id":14757,"href":"https:\/\/www.maison-obono.com\/de\/wp-json\/wp\/v2\/pages\/12056\/revisions\/14757"}],"wp:attachment":[{"href":"https:\/\/www.maison-obono.com\/de\/wp-json\/wp\/v2\/media?parent=12056"}],"curies":[{"name":"wp","href":"https:\/\/api.w.org\/{rel}","templated":true}]}}