{"id":12295,"date":"2023-10-10T14:06:25","date_gmt":"2023-10-10T13:06:25","guid":{"rendered":"https:\/\/www.maison-obono.com\/mentions-legales\/"},"modified":"2025-08-20T17:20:53","modified_gmt":"2025-08-20T16:20:53","slug":"impressum","status":"publish","type":"page","link":"https:\/\/www.maison-obono.com\/de\/impressum\/","title":{"rendered":"Impressum"},"content":{"rendered":"\t\t<div data-elementor-type=\"wp-page\" data-elementor-id=\"12295\" class=\"elementor elementor-12295 elementor-3578\" data-elementor-post-type=\"page\">\n\t\t\t\t<div data-dce-background-overlay-color=\"#12121257\" data-dce-background-image-url=\"https:\/\/www.maison-obono.com\/wp-content\/uploads\/galerie\/jouer\/jouer-experience-maison-obono-famille-bretagne.webp\" data-dce-background-overlay-image-url=\"https:\/\/www.maison-obono.com\/wp-content\/uploads\/illustration\/illustration-hero-page.png\" class=\"elementor-element elementor-element-99a33cb e-con-full e-flex e-con e-parent\" data-id=\"99a33cb\" data-element_type=\"container\" data-e-type=\"container\" data-settings=\"{&quot;background_background&quot;:&quot;classic&quot;}\">\n\t\t\t\t<div class=\"elementor-element elementor-element-58f3890 animated-slow elementor-invisible elementor-widget elementor-widget-heading\" data-id=\"58f3890\" data-element_type=\"widget\" data-e-type=\"widget\" data-settings=\"{&quot;_animation&quot;:&quot;fadeIn&quot;}\" data-widget_type=\"heading.default\">\n\t\t\t\t<div class=\"elementor-widget-container\">\n\t\t\t\t\t<h1 class=\"elementor-heading-title elementor-size-default\">Impressum<\/h1>\t\t\t\t<\/div>\n\t\t\t\t<\/div>\n\t\t\t\t<\/div>\n\t\t<div class=\"elementor-element elementor-element-b95cde1 e-flex e-con-boxed e-con e-parent\" data-id=\"b95cde1\" data-element_type=\"container\" data-e-type=\"container\">\n\t\t\t\t\t<div class=\"e-con-inner\">\n\t\t\t\t<div class=\"elementor-element elementor-element-6bef5e7 paragraphe-content elementor-widget elementor-widget-text-editor\" data-id=\"6bef5e7\" data-element_type=\"widget\" data-e-type=\"widget\" data-widget_type=\"text-editor.default\">\n\t\t\t\t<div class=\"elementor-widget-container\">\n\t\t\t\t\t\t\t\t\t<h2>Identifizierung des Herausgebers der Website<\/h2>\n<b>Unternehmen:<\/b> SAS KERMOBE \u2013 La Maison OBONO  \n<b>Sitz:<\/b> Impasse de Kerdr\u00e9an, 56400 LE BONO  \n<b>Telefon:<\/b> +33 2 97 57 84 00  \n<b>E-Mail-Adresse:<\/b> contact@maison-obono.com  \n<b>SIRET:<\/b> 88460585800023  \n<b>Stammkapital:<\/b> 1 500 100,00 \u20ac  \n<b>Umsatzsteuer-Identifikationsnummer:<\/b> FR18884605858  \n<b>Publikationsdirektor:<\/b> Benjamin DEBOUT, Direktor  \n<b>Rechtlich verantwortlich:<\/b> Benjamin DEBOUT, Direktor  \n\n<h2>Hosting und Erstellung der Website<\/h2>\n<strong>Unternehmen:<\/strong> Mixit7 \u2013 Webagentur  \n<strong>Sitz:<\/strong> 34 avenue des Champs \u00c9lys\u00e9es, 75008 Paris, Frankreich  \n<strong>SIREN:<\/strong> 842 652 547  \n<strong>Telefon:<\/strong> +33 1 85 80 11 11  \n<strong>E-Mail-Adresse:<\/strong> hello@mixit7.com  \n<strong>Website:<\/strong> www.mixit7.com  \n\n<h2>Redaktionelle Inhalte<\/h2>\nDie Website bietet redaktionelle Inhalte (Hotel, Zimmer \u2026) ausschlie\u00dflich zu Informationszwecken an. Diese Inhalte dienen als Anhaltspunkte. Die Nutzer sind aufgefordert, diese Informationen kritisch zu hinterfragen und mit Umsicht zu verwenden.  \n\n<h2>Hyperlinks zu Drittseiten<\/h2>\nDie Website enth\u00e4lt Hyperlinks zu Websites von Dritten. Die Einrichtung dieser Links bedeutet keine Billigung der Inhalte dieser Websites durch den Herausgeber. Der Herausgeber kann den Inhalt dieser Seiten nicht st\u00e4ndig kontrollieren und \u00fcbernimmt daher keine Gew\u00e4hr f\u00fcr: die Richtigkeit, Verl\u00e4sslichkeit, Relevanz, Aktualit\u00e4t oder Vollst\u00e4ndigkeit ihrer Inhalte sowie deren technischen Zugang und ordnungsgem\u00e4\u00dfe Funktionsweise. Daher kann der Herausgeber nicht haftbar gemacht werden f\u00fcr Streitigkeiten zwischen einem auf der Website verlinkten Drittanbieter und einem Nutzer. Allein die Betreiber der verlinkten Websites sind verantwortlich.  \n\n<h2>Geistiges Eigentum<\/h2>\nDie Website des Hotels und alle ihre Bestandteile sind ausschlie\u00dfliches Eigentum des Hotels. Jede vollst\u00e4ndige oder teilweise Vervielf\u00e4ltigung oder Darstellung dieser Website oder eines ihrer Bestandteile ist ohne vorherige Genehmigung des Hotels untersagt. Ebenso sind die auf der Website des Hotels erscheinenden Marken und Domainnamen ausschlie\u00dfliches Eigentum des Hotels. Jede Vervielf\u00e4ltigung oder Nutzung dieser Marken oder Domainnamen ist ohne vorherige Zustimmung untersagt. Ein Hyperlink zur Website des Hotels darf nur mit schriftlicher Genehmigung des Hotels gesetzt werden. Dar\u00fcber hinaus \u00fcbernimmt das Hotel keine Verantwortung f\u00fcr Inhalte von Websites, die eventuell durch einen Hyperlink mit der Website des Hotels verbunden sind.  \n\n<h2>Sicherheit der Daten\u00fcbertragung<\/h2>\nDer Herausgeber verpflichtet sich, alle rechtlichen und technischen Ma\u00dfnahmen zu ergreifen, um die Sicherheit der Daten\u00fcbertragungen zu gew\u00e4hrleisten. Er verpflichtet sich, alle notwendigen Mittel einzusetzen, um Datenmissbrauch zu verhindern und die geltenden Vorschriften einzuhalten. Dennoch sind sich die Nutzer der Website der technischen Besonderheiten des Internets und der damit verbundenen Risiken bewusst. Der Herausgeber kann daher nicht garantieren, dass \u00fcber die Dienste der Website \u00fcbertragene Daten nicht von Dritten unrechtm\u00e4\u00dfig abgefangen werden.  \n\n<h2>Verf\u00fcgbarkeit der Dienste<\/h2>\nDer Herausgeber ist bem\u00fcht, den Zugang zu den Diensten zu gew\u00e4hrleisten und trifft die erforderlichen Vorkehrungen, um die Website rund um die Uhr verf\u00fcgbar zu machen. Dennoch kann der Zugang insbesondere aus Wartungs- oder Aktualisierungsgr\u00fcnden ohne Vorank\u00fcndigung ausgesetzt werden. Der Herausgeber \u00fcbernimmt keinerlei Haftung f\u00fcr eventuelle Sch\u00e4den, die sich daraus f\u00fcr den Nutzer oder Dritte ergeben. Der Herausgeber kann jederzeit ganz oder teilweise Dienste einstellen oder \u00e4ndern, insbesondere aus technischen Gr\u00fcnden, und dies ohne Vorank\u00fcndigung. Der Herausgeber beh\u00e4lt sich das Recht vor, einem Nutzer einseitig und ohne Vorank\u00fcndigung den Zugang zu allen oder einem Teil der Website zu verweigern, insbesondere im Falle der Nichteinhaltung der vorliegenden Bestimmungen.  \n\n<h2>Datenerhebung<\/h2>\nZur Durchf\u00fchrung der bestellten Leistungen kann das Hotel personenbezogene Daten erheben. Sie haben das Recht auf Auskunft, \u00c4nderung, L\u00f6schung und Widerspruch gegen die Verarbeitung Ihrer personenbezogenen Daten und deren Nutzung zu Werbezwecken. Alle Fragen in diesem Zusammenhang sowie die Aus\u00fcbung der Rechte auf Widerspruch, Auskunft, Berichtigung und L\u00f6schung sind direkt an das Hotel zu richten.  \n\n<strong>Datenschutzerkl\u00e4rung<\/strong>  \nDie Nutzer sind eingeladen, die Seite \u201c<a href=\"https:\/\/www.maison-obono.com\/politique-de-confidentialite\/\"><strong>Datenschutzerkl\u00e4rung<\/strong><\/a>\u201d zu konsultieren.  \n\nAlle Fragen in diesem Zusammenhang sowie die Aus\u00fcbung der Rechte sind an folgende Adresse zu richten:  \nLa Maison Obono, Impasse de Kerdr\u00e9an 56400 LE BONO  \n<b>Telefon:<\/b> +33 (0)2 97578400  \n<b>E-Mail-Adresse:<\/b> <strong><span style=\"color: #337993;\"><a style=\"color: #337993;\" href=\"mailto:contact@maison-obono.com\">contact@maison-obono.com<\/a><\/span><\/strong>  \n\n<h2>Widerspruch gegen Telefonwerbung<\/h2>\nGem\u00e4\u00df <strong>Artikel L.223-1 des franz\u00f6sischen Verbraucherschutzgesetzes<\/strong> hat jeder Verbraucher die M\u00f6glichkeit, sich kostenlos in die Liste BLOCTEL einzutragen, um keine unerw\u00fcnschten Werbeanrufe zu erhalten.  \nF\u00fcr weitere Informationen oder zur Anmeldung besuchen Sie bitte die offizielle Website: <strong><span style=\"color: #337993;\"><a style=\"color: #337993;\" href=\"https:\/\/www.bloctel.gouv.fr\" target=\"_blank\" rel=\"noopener\">www.bloctel.gouv.fr<\/a><\/span><\/strong>.  \nWenn Ihre Telefonnummer im Rahmen unserer Aktivit\u00e4ten erhoben wird, werden Sie \u00fcber Ihr Recht informiert, sich durch Eintrag in diese Liste gegen Telefonwerbung zu wehren.  \n\n<h2>Anwendbares Recht<\/h2>\nDieser Text unterliegt dem franz\u00f6sischen Recht. Der Herausgeber beh\u00e4lt sich das Recht vor, die Bedingungen, Bestimmungen und Hinweise jederzeit zu \u00e4ndern.  \n\t\t\t\t\t\t\t\t<\/div>\n\t\t\t\t<\/div>\n\t\t\t\t\t<\/div>\n\t\t\t\t<\/div>\n\t\t\t\t<\/div>\n\t\t","protected":false},"excerpt":{"rendered":"<p>Identifizierung des Herausgebers der Website Unternehmen: SAS KERMOBE \u2013 La Maison OBONO Sitz: Impasse de Kerdr\u00e9an, 56400 LE BONO Telefon: +33 2 97 57 84 00 E-Mail-Adresse: contact@maison-obono.com SIRET: 88460585800023 Stammkapital: 1 500 100,00 \u20ac Umsatzsteuer-Identifikationsnummer: FR18884605858 Publikationsdirektor: Benjamin DEBOUT, Direktor Rechtlich verantwortlich: Benjamin DEBOUT, Direktor Hosting und Erstellung der Website Unternehmen: Mixit7 \u2013 Webagentur [&hellip;]<\/p>\n","protected":false},"author":1,"featured_media":0,"parent":0,"menu_order":0,"comment_status":"closed","ping_status":"closed","template":"","meta":{"_acf_changed":false,"footnotes":""},"class_list":["post-12295","page","type-page","status-publish","hentry"],"acf":[],"_links":{"self":[{"href":"https:\/\/www.maison-obono.com\/de\/wp-json\/wp\/v2\/pages\/12295","targetHints":{"allow":["GET"]}}],"collection":[{"href":"https:\/\/www.maison-obono.com\/de\/wp-json\/wp\/v2\/pages"}],"about":[{"href":"https:\/\/www.maison-obono.com\/de\/wp-json\/wp\/v2\/types\/page"}],"author":[{"embeddable":true,"href":"https:\/\/www.maison-obono.com\/de\/wp-json\/wp\/v2\/users\/1"}],"replies":[{"embeddable":true,"href":"https:\/\/www.maison-obono.com\/de\/wp-json\/wp\/v2\/comments?post=12295"}],"version-history":[{"count":4,"href":"https:\/\/www.maison-obono.com\/de\/wp-json\/wp\/v2\/pages\/12295\/revisions"}],"predecessor-version":[{"id":12300,"href":"https:\/\/www.maison-obono.com\/de\/wp-json\/wp\/v2\/pages\/12295\/revisions\/12300"}],"wp:attachment":[{"href":"https:\/\/www.maison-obono.com\/de\/wp-json\/wp\/v2\/media?parent=12295"}],"curies":[{"name":"wp","href":"https:\/\/api.w.org\/{rel}","templated":true}]}}