{"id":12332,"date":"2023-10-31T16:32:43","date_gmt":"2023-10-31T15:32:43","guid":{"rendered":"https:\/\/www.maison-obono.com\/plan-du-site\/"},"modified":"2026-04-24T17:03:34","modified_gmt":"2026-04-24T16:03:34","slug":"seitenplan","status":"publish","type":"page","link":"https:\/\/www.maison-obono.com\/de\/seitenplan\/","title":{"rendered":"Seitenplan"},"content":{"rendered":"\t\t<div data-elementor-type=\"wp-page\" data-elementor-id=\"12332\" class=\"elementor elementor-12332 elementor-4414\" data-elementor-post-type=\"page\">\n\t\t\t\t<div data-dce-background-overlay-color=\"#12121257\" data-dce-background-image-url=\"https:\/\/www.maison-obono.com\/wp-content\/uploads\/slider\/05-22h-rever-la-maison-obono-hotel-bretagne.webp\" data-dce-background-overlay-image-url=\"https:\/\/www.maison-obono.com\/wp-content\/uploads\/illustration\/illustration-hero-page.png\" class=\"elementor-element elementor-element-7bd6057 e-con-full e-flex e-con e-parent\" data-id=\"7bd6057\" data-element_type=\"container\" data-e-type=\"container\" data-settings=\"{&quot;background_background&quot;:&quot;classic&quot;}\">\n\t\t\t\t<\/div>\n\t\t<div class=\"elementor-element elementor-element-a899b5f sitemap-links-container e-flex e-con-boxed e-con e-parent\" data-id=\"a899b5f\" data-element_type=\"container\" data-e-type=\"container\">\n\t\t\t\t\t<div class=\"e-con-inner\">\n\t\t<div class=\"elementor-element elementor-element-e7dd37f e-flex e-con-boxed e-con e-child\" data-id=\"e7dd37f\" data-element_type=\"container\" data-e-type=\"container\">\n\t\t\t\t\t<div class=\"e-con-inner\">\n\t\t\t\t<div class=\"elementor-element elementor-element-5a4b966 elementor-widget elementor-widget-sitemap\" data-id=\"5a4b966\" data-element_type=\"widget\" data-e-type=\"widget\" data-widget_type=\"sitemap.default\">\n\t\t\t\t<div class=\"elementor-widget-container\">\n\t\t\t\t\t<div class=\"elementor-sitemap-wrap\"><div class=\"elementor-sitemap-section\"><h2 class=\"elementor-sitemap-title elementor-sitemap-page-title\">Seiten<\/h2><ul class=\"elementor-sitemap-list elementor-sitemap-page-list\"><li class=\"elementor-sitemap-item elementor-sitemap-item-page page_item page-item-12008\"><a href=\"https:\/\/www.maison-obono.com\/de\/aktivitaeten\/\">Aktivit\u00e4ten<\/a><\/li><li class=\"elementor-sitemap-item elementor-sitemap-item-page page_item page-item-12340\"><a href=\"https:\/\/www.maison-obono.com\/de\/allgemeine-geschaeftsbedingungen\/\">Allgemeine Gesch\u00e4ftsbedingungen<\/a><\/li><li class=\"elementor-sitemap-item elementor-sitemap-item-page page_item page-item-12165\"><a href=\"https:\/\/www.maison-obono.com\/de\/angebote-aktuelles\/\">Angebote &#038; Aktuelles<\/a><\/li><li class=\"elementor-sitemap-item elementor-sitemap-item-page page_item page-item-12317\"><a href=\"https:\/\/www.maison-obono.com\/de\/datenschutzerklaerung\/\">Datenschutzerkl\u00e4rung<\/a><\/li><li class=\"elementor-sitemap-item elementor-sitemap-item-page page_item page-item-12056\"><a href=\"https:\/\/www.maison-obono.com\/de\/reservierung-restaurant-tisch-obono\/\">Einen Tisch reservieren<\/a><\/li><li class=\"elementor-sitemap-item elementor-sitemap-item-page page_item page-item-12049\"><a href=\"https:\/\/www.maison-obono.com\/de\/fotogalerie\/\">Galerie<\/a><\/li><li class=\"elementor-sitemap-item elementor-sitemap-item-page page_item page-item-15184\"><a href=\"https:\/\/www.maison-obono.com\/de\/hotelprivatisierung\/\">Hotelprivatisierung<\/a><\/li><li class=\"elementor-sitemap-item elementor-sitemap-item-page page_item page-item-12295\"><a href=\"https:\/\/www.maison-obono.com\/de\/impressum\/\">Impressum<\/a><\/li><li class=\"elementor-sitemap-item elementor-sitemap-item-page page_item page-item-12740\"><a href=\"https:\/\/www.maison-obono.com\/de\/kontakt\/\">Kontakt<\/a><\/li><li class=\"elementor-sitemap-item elementor-sitemap-item-page page_item page-item-11945\"><a href=\"https:\/\/www.maison-obono.com\/de\/online-spa-reservierung\/\">Online-Spa-Reservierung<\/a><\/li><li class=\"elementor-sitemap-item elementor-sitemap-item-page page_item page-item-11930\"><a href=\"https:\/\/www.maison-obono.com\/de\/restaurant-und-bar\/\">Restaurant und Bar<\/a><\/li><li class=\"elementor-sitemap-item elementor-sitemap-item-page page_item page-item-11974\"><a href=\"https:\/\/www.maison-obono.com\/de\/organisation-seminar-bretagne\/\">Seminar<\/a><\/li><li class=\"elementor-sitemap-item elementor-sitemap-item-page page_item page-item-11943\"><a href=\"https:\/\/www.maison-obono.com\/de\/spa\/\">Spa<\/a><\/li><li class=\"elementor-sitemap-item elementor-sitemap-item-page page_item page-item-11790\"><a href=\"https:\/\/www.maison-obono.com\/de\/\">Startseite<\/a><\/li><li class=\"elementor-sitemap-item elementor-sitemap-item-page page_item page-item-11842\"><a href=\"https:\/\/www.maison-obono.com\/de\/zimmer\/\">Zimmer<\/a><\/li><\/ul><\/div><\/div>\t\t\t\t<\/div>\n\t\t\t\t<\/div>\n\t\t\t\t<div class=\"elementor-element elementor-element-aa75d8f elementor-widget elementor-widget-sitemap\" data-id=\"aa75d8f\" data-element_type=\"widget\" data-e-type=\"widget\" data-widget_type=\"sitemap.default\">\n\t\t\t\t<div class=\"elementor-widget-container\">\n\t\t\t\t\t<div class=\"elementor-sitemap-wrap\"><div class=\"elementor-sitemap-section\"><h2 class=\"elementor-sitemap-title elementor-sitemap-chambre-title\">Zimmer<\/h2><ul class=\"elementor-sitemap-list elementor-sitemap-chambre-list\"><li class=\"elementor-sitemap-item elementor-sitemap-item-chambre page_item page-item-11927\"><a href=\"https:\/\/www.maison-obono.com\/de\/chambre\/zimmer-mit-verbindungstuer\/\">Zimmer mit Verbindungst\u00fcr<\/a><\/li><li class=\"elementor-sitemap-item elementor-sitemap-item-chambre page_item page-item-11891\"><a href=\"https:\/\/www.maison-obono.com\/de\/chambre\/herrenhaus-suite-yves-de-pontsal\/\">Herrenhaus-Suite Yves de Pontsal<\/a><\/li><li class=\"elementor-sitemap-item elementor-sitemap-item-chambre page_item page-item-11884\"><a href=\"https:\/\/www.maison-obono.com\/de\/chambre\/familienzimmer\/\">Familienzimmer<\/a><\/li><li class=\"elementor-sitemap-item elementor-sitemap-item-chambre page_item page-item-11852\"><a href=\"https:\/\/www.maison-obono.com\/de\/chambre\/superior-doppelzimmer\/\">Superior-Doppelzimmer<\/a><\/li><li class=\"elementor-sitemap-item elementor-sitemap-item-chambre page_item page-item-11920\"><a href=\"https:\/\/www.maison-obono.com\/de\/chambre\/familiensuite\/\">Familiensuite<\/a><\/li><li class=\"elementor-sitemap-item elementor-sitemap-item-chambre page_item page-item-11915\"><a href=\"https:\/\/www.maison-obono.com\/de\/chambre\/dreibettzimmer\/\">Dreibettzimmer<\/a><\/li><li class=\"elementor-sitemap-item elementor-sitemap-item-chambre page_item page-item-11912\"><a href=\"https:\/\/www.maison-obono.com\/de\/chambre\/doppelzimmer-mit-balkon-terrasse\/\">Doppelzimmer mit Balkon\/Terrasse<\/a><\/li><li class=\"elementor-sitemap-item elementor-sitemap-item-chambre page_item page-item-11896\"><a href=\"https:\/\/www.maison-obono.com\/de\/chambre\/standard-doppelzimmer-blick-auf-den-parkplatz\/\">Standard-Doppelzimmer \u2013 Blick auf den Parkplatz<\/a><\/li><\/ul><\/div><\/div>\t\t\t\t<\/div>\n\t\t\t\t<\/div>\n\t\t\t\t<div class=\"elementor-element elementor-element-6d06e62 elementor-widget elementor-widget-sitemap\" data-id=\"6d06e62\" data-element_type=\"widget\" data-e-type=\"widget\" data-widget_type=\"sitemap.default\">\n\t\t\t\t<div class=\"elementor-widget-container\">\n\t\t\t\t\t<div class=\"elementor-sitemap-wrap\"><div class=\"elementor-sitemap-section\"><h2 class=\"elementor-sitemap-title elementor-sitemap-offres-actualites-title\">Angebote & Aktuelles<\/h2><ul class=\"elementor-sitemap-list elementor-sitemap-offres-actualites-list\"><li class=\"elementor-sitemap-item elementor-sitemap-item-offres-actualites page_item page-item-15868\"><a href=\"https:\/\/www.maison-obono.com\/de\/offres-actualites\/delphine-simon-ausstellung\/\">Delphine-Simon-Ausstellung<\/a><\/li><li class=\"elementor-sitemap-item elementor-sitemap-item-offres-actualites page_item page-item-15856\"><a href=\"https:\/\/www.maison-obono.com\/de\/offres-actualites\/oceane-pivert-ausstellung\/\">Oc\u00e9ane Pivert Ausstellung<\/a><\/li><li class=\"elementor-sitemap-item elementor-sitemap-item-offres-actualites page_item page-item-12143\"><a href=\"https:\/\/www.maison-obono.com\/de\/offres-actualites\/yoga-kurse\/\">Yoga-Kurse<\/a><\/li><li class=\"elementor-sitemap-item elementor-sitemap-item-offres-actualites page_item page-item-15655\"><a href=\"https:\/\/www.maison-obono.com\/de\/offres-actualites\/neu-massage-sophologie\/\">Neu! Massage &#038; Sophologie<\/a><\/li><li class=\"elementor-sitemap-item elementor-sitemap-item-offres-actualites page_item page-item-12154\"><a href=\"https:\/\/www.maison-obono.com\/de\/offres-actualites\/angebot-ausritt-brunch\/\">Angebot Ausritt &#038; Brunch<\/a><\/li><li class=\"elementor-sitemap-item elementor-sitemap-item-offres-actualites page_item page-item-14651\"><a href=\"https:\/\/www.maison-obono.com\/de\/offres-actualites\/fruehlings-segelfest\/\">Fr\u00fchlings-Segelfest<\/a><\/li><li class=\"elementor-sitemap-item elementor-sitemap-item-offres-actualites page_item page-item-14641\"><a href=\"https:\/\/www.maison-obono.com\/de\/offres-actualites\/cocktail-de-mars\/\">M\u00e4rz-Cocktail<\/a><\/li><li class=\"elementor-sitemap-item elementor-sitemap-item-offres-actualites page_item page-item-14594\"><a href=\"https:\/\/www.maison-obono.com\/de\/offres-actualites\/das-menue-rueckkehr-vom-markt-ist-jetzt-auch-abends-erhaeltlich\/\">Das Men\u00fc R\u00fcckkehr vom Markt ist jetzt auch abends erh\u00e4ltlich<\/a><\/li><li class=\"elementor-sitemap-item elementor-sitemap-item-offres-actualites page_item page-item-14575\"><a href=\"https:\/\/www.maison-obono.com\/de\/offres-actualites\/willkommen-auf-vier-pfoten\/\">Willkommen auf vier Pfoten<\/a><\/li><li class=\"elementor-sitemap-item elementor-sitemap-item-offres-actualites page_item page-item-14080\"><a href=\"https:\/\/www.maison-obono.com\/de\/offres-actualites\/dienstags-auszeit-angebot\/\">Dienstags-Auszeit-Angebot<\/a><\/li><li class=\"elementor-sitemap-item elementor-sitemap-item-offres-actualites page_item page-item-14981\"><a href=\"https:\/\/www.maison-obono.com\/de\/offres-actualites\/offre-tea-time\/\">Tea time<\/a><\/li><li class=\"elementor-sitemap-item elementor-sitemap-item-offres-actualites page_item page-item-12159\"><a href=\"https:\/\/www.maison-obono.com\/de\/offres-actualites\/wellness-paket\/\">Wellness-Paket<\/a><\/li><\/ul><\/div><\/div>\t\t\t\t<\/div>\n\t\t\t\t<\/div>\n\t\t\t\t\t<\/div>\n\t\t\t\t<\/div>\n\t\t\t\t\t<\/div>\n\t\t\t\t<\/div>\n\t\t\t\t<\/div>\n\t\t","protected":false},"excerpt":{"rendered":"","protected":false},"author":6,"featured_media":0,"parent":0,"menu_order":0,"comment_status":"closed","ping_status":"closed","template":"","meta":{"_acf_changed":false,"footnotes":""},"class_list":["post-12332","page","type-page","status-publish","hentry"],"acf":[],"_links":{"self":[{"href":"https:\/\/www.maison-obono.com\/de\/wp-json\/wp\/v2\/pages\/12332","targetHints":{"allow":["GET"]}}],"collection":[{"href":"https:\/\/www.maison-obono.com\/de\/wp-json\/wp\/v2\/pages"}],"about":[{"href":"https:\/\/www.maison-obono.com\/de\/wp-json\/wp\/v2\/types\/page"}],"author":[{"embeddable":true,"href":"https:\/\/www.maison-obono.com\/de\/wp-json\/wp\/v2\/users\/6"}],"replies":[{"embeddable":true,"href":"https:\/\/www.maison-obono.com\/de\/wp-json\/wp\/v2\/comments?post=12332"}],"version-history":[{"count":8,"href":"https:\/\/www.maison-obono.com\/de\/wp-json\/wp\/v2\/pages\/12332\/revisions"}],"predecessor-version":[{"id":15888,"href":"https:\/\/www.maison-obono.com\/de\/wp-json\/wp\/v2\/pages\/12332\/revisions\/15888"}],"wp:attachment":[{"href":"https:\/\/www.maison-obono.com\/de\/wp-json\/wp\/v2\/media?parent=12332"}],"curies":[{"name":"wp","href":"https:\/\/api.w.org\/{rel}","templated":true}]}}