{"id":4370,"date":"2023-10-10T14:06:25","date_gmt":"2023-10-10T13:06:25","guid":{"rendered":"https:\/\/www.maison-obono.com\/mentions-legales\/"},"modified":"2026-04-02T16:24:58","modified_gmt":"2026-04-02T15:24:58","slug":"legal-information","status":"publish","type":"page","link":"https:\/\/www.maison-obono.com\/en\/legal-information\/","title":{"rendered":"Legal information"},"content":{"rendered":"\t\t<div data-elementor-type=\"wp-page\" data-elementor-id=\"4370\" class=\"elementor elementor-4370 elementor-3578\" data-elementor-post-type=\"page\">\n\t\t\t\t<div data-dce-background-overlay-color=\"#12121257\" data-dce-background-image-url=\"https:\/\/www.maison-obono.com\/wp-content\/uploads\/galerie\/jouer\/jouer-experience-maison-obono-famille-bretagne.webp\" data-dce-background-overlay-image-url=\"https:\/\/www.maison-obono.com\/wp-content\/uploads\/illustration\/illustration-hero-page.png\" class=\"elementor-element elementor-element-99a33cb e-con-full e-flex e-con e-parent\" data-id=\"99a33cb\" data-element_type=\"container\" data-e-type=\"container\" data-settings=\"{&quot;background_background&quot;:&quot;classic&quot;}\">\n\t\t\t\t<div class=\"elementor-element elementor-element-58f3890 animated-slow elementor-invisible elementor-widget elementor-widget-heading\" data-id=\"58f3890\" data-element_type=\"widget\" data-e-type=\"widget\" data-settings=\"{&quot;_animation&quot;:&quot;fadeIn&quot;}\" data-widget_type=\"heading.default\">\n\t\t\t\t<div class=\"elementor-widget-container\">\n\t\t\t\t\t<h1 class=\"elementor-heading-title elementor-size-default\">Legal information<\/h1>\t\t\t\t<\/div>\n\t\t\t\t<\/div>\n\t\t\t\t<\/div>\n\t\t<div class=\"elementor-element elementor-element-b95cde1 e-flex e-con-boxed e-con e-parent\" data-id=\"b95cde1\" data-element_type=\"container\" data-e-type=\"container\">\n\t\t\t\t\t<div class=\"e-con-inner\">\n\t\t\t\t<div class=\"elementor-element elementor-element-6bef5e7 paragraphe-content elementor-widget elementor-widget-text-editor\" data-id=\"6bef5e7\" data-element_type=\"widget\" data-e-type=\"widget\" data-widget_type=\"text-editor.default\">\n\t\t\t\t<div class=\"elementor-widget-container\">\n\t\t\t\t\t\t\t\t\t<h2>Identification de l\u2019\u00e9diteur du site<\/h2><p><b>Soci\u00e9t\u00e9 :<\/b>\u00a0SAS KERMOBE \u2013 La Maison OBONO<br \/><b>Si\u00e8ge social :<\/b>\u00a0Impasse de Kerdr\u00e9an, 56400 LE BONO<br \/><b>T\u00e9l\u00e9phone :<\/b>\u00a0+33 2 97 57 84 00<br \/><b>Adresse \u00e9lectronique (Courriel) :<\/b>\u00a0contact@maison-obono.com<br \/><b>SIRET :<\/b>\u00a088460585800023<br \/><b>Capital social :<\/b>\u00a01\u00a0500\u00a0100,00\u20ac<br \/><b>Num\u00e9ro TVA Intracommunautaire :<\/b>\u00a0FR18884605858<br \/><b>Directeur de la publication <\/b>:\u00a0OLIVIER Pauline, Directrice<br \/><b>Responsable l\u00e9gal :\u00a0<\/b>OLIVIER Pauline, Directrice<\/p><h2>H\u00e9bergement et r\u00e9alisation du site<\/h2><p><strong>Soci\u00e9t\u00e9 :<\/strong>\u00a0Mixit7 \u2013 Agence Web<br \/><strong>Si\u00e8ge social :<\/strong>\u00a034 avenue des Champs Elys\u00e9es, 75008 Paris, France<br \/><strong>SIREN :<\/strong>\u00a0842\u00a0652\u00a0547<br \/><strong>T\u00e9l\u00e9phone :<\/strong>\u00a0+33 1 85 80 11 11<br \/><strong>Adresse \u00e9lectronique (Courriel) :\u00a0<\/strong>hello@mixit7.com<br \/><strong>Site web :<\/strong>\u00a0www.mixit7.com<\/p><h2>Editorial content<\/h2><p>The Website offers editorial content (hotel, rooms\u2026) for documentary purposes only and for information purposes only. This content should be taken as food for thought. Users are invited by the Editor to exploit this information with a critical mind and discernment.<\/p><h2>Hypertext links to third party sites<\/h2><p>The Site proposes hypertext links pointing to Internet sites published by third parties. The setting up of these links does not mean the approval by the publisher of the content of the said sites. The Editor cannot permanently control the content of the said sites, and therefore cannot guarantee: the accuracy, reliability, relevance, updating, or exhaustiveness of their content. their access and good technical functioning. Consequently, the Editor cannot be held responsible in the event of a possible dispute between a site referenced on the Site and a User. Only the responsibility of the publishers of the sites referenced on the Site may be engaged.<\/p><h2>Intellectual property<\/h2><p>The Hotel\u2019s website and each of its elements are the exclusive property of the Hotel. Any reproduction or representation in whole or in part of this website or of any of its components is prohibited without prior authorisation from the Hotel. Similarly, the trademarks and domain names that appear on the hotel\u2019s website are the exclusive property of the hotel. Any reproduction or use of these trademarks or domain names in any way and for any purpose whatsoever is prohibited without prior authorisation. A hypertext link to the Hotel\u2019s website may only be set up with the prior written authorisation of the Hotel. In addition, the Hotel declines all responsibility for the content of sites that may be linked to the Hotel\u2019s website by a hypertext link.<\/p><h2>Security of exchanges<\/h2><p>The Publisher undertakes to take all legal and technical measures to secure exchanges. In this respect, the Publisher undertakes to use its best endeavours to block data misappropriation, and to comply with the applicable regulations. Nevertheless, the Users of the Website are aware of the technical characteristics of the Internet network and the related risks. Consequently, The Publisher cannot guarantee to its Users that the data exchanged via the services offered by the Site are not fraudulently harvested by third parties.<\/p><h2>The availability of services<\/h2><p>The Publisher has an obligation of means in terms of service accessibility and puts in place the necessary structures to make the Site accessible 7 days a week and 24 hours a day. Nevertheless, the Publisher may suspend access without prior notice, in particular for maintenance and upgrades. The Publisher is in no way responsible for any damage that may result for the User or any third party. The Editor may at any time delete all or part of its Services or modify their content, in particular for technical reasons, without prior notice. The Publisher reserves the right to refuse, unilaterally and without prior notice, to any User access to all or part of the Site. Such a decision could be taken in particular in the event of non-compliance with the terms of this text by a User.<\/p><h2>Collection of data<\/h2><p>In order to perform the services ordered, the Hotel is likely to collect your personal data. You have the right to access, modify, delete and oppose the processing of your personal data and their use for prospecting purposes. Any questions in this area, as well as the rights of opposition, access, rectification and deletion relating to this information, may be exercised by contacting the Hotel.<\/p><h2>Privacy policy<\/h2><p>Users are invited to consult the page\u00a0\u201c<a href=\"https:\/\/www.maison-obono.com\/en\/privacy-policy\/\"><strong>Privacy policy<\/strong><\/a>\u201d<\/p><p>Any questions in this area, as well as the rights of opposition, access, rectification and deletion relating to this information, may be exercised at the following address:<br \/>La maison Obono, Impasse de Kerdr\u00e9an 56400 LE BONO<br \/><b>Phone :<\/b> +33 (0)2 97578400<br \/><b>Email address :<\/b>\u00a0<a href=\"mailto:contact@maison-obono.com\"><span style=\"color: #337993;\"><strong>contact@maison-obono.com<\/strong><\/span><\/a><\/p><h2>Opposition to telephone canvassing<\/h2><p>In accordance with <strong>article L.223-1 of the French Consumer Code<\/strong>, all consumers have the option of registering free of charge on the BLOCTEL telephone cold calling opposition list.<br \/>For more information or to register, please visit the official website: <strong><span style=\"color: #337993;\"><a style=\"color: #337993;\" href=\"https:\/\/www.bloctel.gouv.fr\" target=\"_blank\" rel=\"noopener\">www.bloctel.gouv.fr<\/a>.<\/span><\/strong><br \/>If your telephone number is collected as part of our activities, you are informed of your right to oppose any telephone canvassing by registering on this list.<\/p><h2>Applicable law<\/h2><p>This text is subject to French law. The Publisher reserves the right to amend the terms, conditions and disclaimers at any time.<\/p>\t\t\t\t\t\t\t\t<\/div>\n\t\t\t\t<\/div>\n\t\t\t\t\t<\/div>\n\t\t\t\t<\/div>\n\t\t\t\t<\/div>\n\t\t","protected":false},"excerpt":{"rendered":"<p>Identification de l\u2019\u00e9diteur du site Soci\u00e9t\u00e9 :\u00a0SAS KERMOBE \u2013 La Maison OBONOSi\u00e8ge social :\u00a0Impasse de Kerdr\u00e9an, 56400 LE BONOT\u00e9l\u00e9phone :\u00a0+33 2 97 57 84 00Adresse \u00e9lectronique (Courriel) :\u00a0contact@maison-obono.comSIRET :\u00a088460585800023Capital social :\u00a01\u00a0500\u00a0100,00\u20acNum\u00e9ro TVA Intracommunautaire :\u00a0FR18884605858Directeur de la publication :\u00a0OLIVIER Pauline, DirectriceResponsable l\u00e9gal :\u00a0OLIVIER Pauline, Directrice H\u00e9bergement et r\u00e9alisation du site Soci\u00e9t\u00e9 :\u00a0Mixit7 \u2013 Agence WebSi\u00e8ge social [&hellip;]<\/p>\n","protected":false},"author":1,"featured_media":0,"parent":0,"menu_order":0,"comment_status":"closed","ping_status":"closed","template":"","meta":{"_acf_changed":false,"footnotes":""},"class_list":["post-4370","page","type-page","status-publish","hentry"],"acf":[],"_links":{"self":[{"href":"https:\/\/www.maison-obono.com\/en\/wp-json\/wp\/v2\/pages\/4370","targetHints":{"allow":["GET"]}}],"collection":[{"href":"https:\/\/www.maison-obono.com\/en\/wp-json\/wp\/v2\/pages"}],"about":[{"href":"https:\/\/www.maison-obono.com\/en\/wp-json\/wp\/v2\/types\/page"}],"author":[{"embeddable":true,"href":"https:\/\/www.maison-obono.com\/en\/wp-json\/wp\/v2\/users\/1"}],"replies":[{"embeddable":true,"href":"https:\/\/www.maison-obono.com\/en\/wp-json\/wp\/v2\/comments?post=4370"}],"version-history":[{"count":6,"href":"https:\/\/www.maison-obono.com\/en\/wp-json\/wp\/v2\/pages\/4370\/revisions"}],"predecessor-version":[{"id":15432,"href":"https:\/\/www.maison-obono.com\/en\/wp-json\/wp\/v2\/pages\/4370\/revisions\/15432"}],"wp:attachment":[{"href":"https:\/\/www.maison-obono.com\/en\/wp-json\/wp\/v2\/media?parent=4370"}],"curies":[{"name":"wp","href":"https:\/\/api.w.org\/{rel}","templated":true}]}}